{"id":432,"date":"2016-03-29T19:49:01","date_gmt":"2016-03-29T17:49:01","guid":{"rendered":"http:\/\/www.svadbykari.sk\/?page_id=432"},"modified":"2018-08-27T17:56:25","modified_gmt":"2018-08-27T15:56:25","slug":"ponuka-prace-kuchar-bratislava","status":"publish","type":"page","link":"https:\/\/www.svadbykari.sk\/en\/ponuka-prace-kuchar-bratislava\/","title":{"rendered":"Ponuka pr\u00e1ce v Svadby a Kari!"},"content":{"rendered":"<p><img decoding=\"async\" loading=\"lazy\" class=\"size-medium wp-image-168 alignleft\" src=\"http:\/\/www.svadbykari.sk\/wp-content\/uploads\/2015\/10\/Patronka_Stano-za-barem-2015-e1459273706576-300x246.jpg\" alt=\"Patronka_Stano za barem 2015\" width=\"300\" height=\"246\" srcset=\"https:\/\/www.svadbykari.sk\/wp-content\/uploads\/2015\/10\/Patronka_Stano-za-barem-2015-e1459273706576-300x246.jpg 300w, https:\/\/www.svadbykari.sk\/wp-content\/uploads\/2015\/10\/Patronka_Stano-za-barem-2015-e1459273706576-1024x840.jpg 1024w, https:\/\/www.svadbykari.sk\/wp-content\/uploads\/2015\/10\/Patronka_Stano-za-barem-2015-e1459273706576.jpg 1397w\" sizes=\"(max-width: 300px) 100vw, 300px\" \/>Ka\u017ed\u00fd de\u0148 sa sna\u017e\u00edme prinies\u0165 na\u0161im n\u00e1v\u0161tevn\u00edkom \u00fa\u017easn\u00fd pocit z dobre str\u00e1ven\u00e9ho obeda! Aby sme to dok\u00e1zali aj na\u010falej, potrebujeme Tvoju pomoc!<\/p>\n<p>Svadby a Kari vznikli ako odpove\u010f na hladov\u00fa dolinu Patr\u00f3nka, no rast\u00fa \u010falej. Nov\u00e9 jedl\u00e1, nov\u00e9 prostredie a nov\u00fd pr\u00edstup s\u00fa d\u00f4vody, pre\u010do sa k n\u00e1m \u013eudia neust\u00e1le vracaj\u00fa.<\/p>\n<p><strong>Sta\u0148 sa aj ty s\u00fa\u010das\u0165ou pr\u00edbehu Svadby a Kari, prines nie\u010do viac pre na\u0161ich mil\u00fdch z\u00e1kazn\u00edkov, oboha\u0165 svoje sk\u00fasenosti a nau\u010d sa nie\u010do nov\u00e9.<\/strong><\/p>\n<h4>Kuch\u00e1r<\/h4>\n<p>Miluje\u0161 dobr\u00e9 jedlo? Nech\u00e1va\u0161 sa un\u00e1\u0161a\u0165 nov\u00fdmi chu\u0165ami a bav\u00ed \u0164a nach\u00e1dza\u0165, to \u010do je za nimi? V kuchyni si ako doma a bav\u00ed \u0164a free-stylova\u0165 s varechou v ruke? <strong>V\u0161etci naokolo tvrdia, \u017ee\u00a0vie\u0161 super vari\u0165?<\/strong><\/p>\n<p>Teba h\u013ead\u00e1me!<\/p>\n<p>Nevy\u017eadujeme v\u00fdu\u010dn\u00fd list, ani predo\u0161l\u00e9 sk\u00fasenosti v gastre. <strong>H\u013ead\u00e1me zodpovedn\u00e9ho \u010dloveka s v\u00e1\u0161\u0148ou pre varenie.<\/strong> Ak m\u00e1\u0161 chu\u0165 pracova\u0165 a odha\u013eova\u0165 taje \u00e1zijskej kuchyne, you&#8217;re at home baby!<\/p>\n<div>Pon\u00fakame tvoriv\u00e9 neform\u00e1lne prostredie, vo\u013en\u00fd priestor pre Tvoju kreativitu,<strong> plat 1050 eur brutto<\/strong> a 8 hodinov\u00fd pracovn\u00fd \u010das Pon-Pia, pr\u00edpadne skr\u00e1ten\u00fd \u00fav\u00e4zok. Usadni na kr\u00e1\u013eovsk\u00fd\u00a0tr\u00f3n varenia kari v Bratislave!<\/div>\n<div><\/div>\n<p><strong>Po\u0161li n\u00e1m svoj \u017eivotopis na info@svadbykari.sk a sta\u0148 sa s\u00fa\u010das\u0165ou sna zvan\u00e9ho Svadby a Kari!<\/strong><\/p>\n<h4>\u010ca\u0161n\u00edk<\/h4>\n<p>Usmieva\u0161 sa na \u013eud\u00ed okolo seba a bav\u00ed \u0164a pom\u00e1ha\u0165 im v tom, aby sa c\u00edtili \u010do najlep\u0161ie? Neboj\u00ed\u0161 sa pr\u00e1ce a te\u0161\u00ed\u0161 sa na \u0148u v \u00fa\u017easnom kolekt\u00edve podobne zm\u00fd\u0161\u013eaj\u00facich \u013eud\u00ed? M\u00e1\u0161 \u010das pracova\u0165 doobeda?<\/p>\n<p>Teba h\u013ead\u00e1me!<\/p>\n<p>Stabiln\u00e1 brig\u00e1da popri \u0161kole, alebo len tak. Cash in hand ka\u017ed\u00fd de\u0148 a pr\u00edstup\u00a0k najlep\u0161iemu kari v Bratislave!<\/p>\n<p>Po\u0161li n\u00e1m svoj \u017eivotopis na info@svadbykari.sk a sta\u0148 sa s\u00fa\u010das\u0165ou sna zvan\u00e9ho Svadby a Kari!<\/p>\n<p>&nbsp;<\/p>","protected":false},"excerpt":{"rendered":"<p>Ka\u017ed\u00fd de\u0148 sa sna\u017e\u00edme prinies\u0165 na\u0161im n\u00e1v\u0161tevn\u00edkom \u00fa\u017easn\u00fd pocit z dobre str\u00e1ven\u00e9ho obeda! Aby sme to dok\u00e1zali aj na\u010falej, potrebujeme Tvoju pomoc! Svadby a Kari<\/p>\n","protected":false},"author":1,"featured_media":0,"parent":0,"menu_order":0,"comment_status":"closed","ping_status":"closed","template":"","meta":[],"_links":{"self":[{"href":"https:\/\/www.svadbykari.sk\/en\/wp-json\/wp\/v2\/pages\/432"}],"collection":[{"href":"https:\/\/www.svadbykari.sk\/en\/wp-json\/wp\/v2\/pages"}],"about":[{"href":"https:\/\/www.svadbykari.sk\/en\/wp-json\/wp\/v2\/types\/page"}],"author":[{"embeddable":true,"href":"https:\/\/www.svadbykari.sk\/en\/wp-json\/wp\/v2\/users\/1"}],"replies":[{"embeddable":true,"href":"https:\/\/www.svadbykari.sk\/en\/wp-json\/wp\/v2\/comments?post=432"}],"version-history":[{"count":12,"href":"https:\/\/www.svadbykari.sk\/en\/wp-json\/wp\/v2\/pages\/432\/revisions"}],"predecessor-version":[{"id":458,"href":"https:\/\/www.svadbykari.sk\/en\/wp-json\/wp\/v2\/pages\/432\/revisions\/458"}],"wp:attachment":[{"href":"https:\/\/www.svadbykari.sk\/en\/wp-json\/wp\/v2\/media?parent=432"}],"curies":[{"name":"wp","href":"https:\/\/api.w.org\/{rel}","templated":true}]}}