{"id":102,"date":"2015-10-16T17:50:02","date_gmt":"2015-10-16T17:50:02","guid":{"rendered":"http:\/\/localhost\/wp\/?page_id=102"},"modified":"2019-12-20T13:51:29","modified_gmt":"2019-12-20T12:51:29","slug":"kontakt","status":"publish","type":"page","link":"https:\/\/www.svadbykari.sk\/en\/kontakt\/","title":{"rendered":"Contact"},"content":{"rendered":"<p><\/p>\n<h5>Svadby a Kari Patr\u00f3nka underpass &#8211; Mon &#8211; Fri: 11:00 &#8211; 15:00, meals from\u00a011:15<\/h5>\n<p><strong>02 2102 8883 <\/strong>&#8211; orders and reservations (might be unavailable during the lunch time 11:30 &#8211; 13:00)<\/p>\n<p>Address: <a href=\"https:\/\/goo.gl\/maps\/ovEcFpBs2Tu\" target=\"_blank\">Patr\u00f3nka underpass, D\u00fabravsk\u00e1 cesta 1, Bratislava<\/a><\/p>\n<h5>Svadby a Kari\u00a0Americk\u00e1 &#8211; Mon &#8211; Fri: 11:00 &#8211; 15:00<\/h5>\n<p><strong>02 2102 8880<\/strong> &#8211; orders and reservations (might be unavailable during the lunch time 11:30 &#8211; 13:00)<\/p>\n<p>Mon &#8211; Fri: 10:00 &#8211; 15:00, meals from\u00a011:15<\/p>\n<p>Address: \u00a0<a href=\"https:\/\/www.google.com\/maps\/place\/Americk%C3%A1+1630%2F2,+831+02+Bratislava\/@48.1620417,17.1210294,17z\/data=!3m1!4b1!4m5!3m4!1s0x476c8eb3ab8c4a7d:0x8500d64fabb8e94b!8m2!3d48.1620417!4d17.1232181\" target=\"_blank\">Americk\u00e1 2, Bratislava<\/a><\/p>\n<h5>Svadby a Kari Vysok\u00e1 28 &#8211; Mon &#8211; Fri: 11:00 &#8211; 15:00<\/h5>\n<p><strong>02 2102 8882<\/strong> &#8211; orders and reservations (might be unavailable during the lunch time 11:30 &#8211; 13:00)<\/p>\n<p>Mon &#8211; Fri: 10:00 &#8211; 15:00, meals from\u00a011:15<\/p>\n<p>Address: \u00a0<a href=\"https:\/\/goo.gl\/maps\/mdnsPZN5vJz9tAmr7\" target=\"_blank\">Vysok\u00e1 28, Bratislava<\/a><\/p>\n<h5>Give\u00a0us your opinion, we&#8217;re anxious to know it!<\/h5>\n<p><div role=\"form\" class=\"wpcf7\" id=\"wpcf7-f134-o2\" lang=\"en-US\" dir=\"ltr\">\n<div class=\"screen-reader-response\"><\/div>\n<form action=\"\/en\/wp-json\/wp\/v2\/pages\/102#wpcf7-f134-o2\" method=\"post\" class=\"wpcf7-form\" novalidate=\"novalidate\">\n<div style=\"display: none;\">\n<input type=\"hidden\" name=\"_wpcf7\" value=\"134\" \/>\n<input type=\"hidden\" name=\"_wpcf7_version\" value=\"4.3\" \/>\n<input type=\"hidden\" name=\"_wpcf7_locale\" value=\"en_US\" \/>\n<input type=\"hidden\" name=\"_wpcf7_unit_tag\" value=\"wpcf7-f134-o2\" \/>\n<input type=\"hidden\" name=\"_wpnonce\" value=\"94573eceb5\" \/>\n<\/div>\n<p>Meno \/ Name *<br \/>\n    <span class=\"wpcf7-form-control-wrap your-name\"><input type=\"text\" name=\"your-name\" value=\"\" size=\"40\" class=\"wpcf7-form-control wpcf7-text\" aria-invalid=\"false\" \/><\/span> <\/p>\n<p>E-mail *<br \/>\n    <span class=\"wpcf7-form-control-wrap email-280\"><input type=\"email\" name=\"email-280\" value=\"\" size=\"40\" class=\"wpcf7-form-control wpcf7-text wpcf7-email wpcf7-validates-as-required wpcf7-validates-as-email\" aria-required=\"true\" aria-invalid=\"false\" \/><\/span> <\/p>\n<p>Predmet \/ Subject<br \/>\n    <span class=\"wpcf7-form-control-wrap your-subject\"><input type=\"text\" name=\"your-subject\" value=\"\" size=\"40\" class=\"wpcf7-form-control wpcf7-text\" aria-invalid=\"false\" \/><\/span> <\/p>\n<p>Spr\u00e1va \/ Message <br \/>\n    <span class=\"wpcf7-form-control-wrap your-message\"><textarea name=\"your-message\" cols=\"40\" rows=\"10\" class=\"wpcf7-form-control wpcf7-textarea\" aria-invalid=\"false\"><\/textarea><\/span> <\/p>\n<p> <input type=\"submit\" value=\"Odosla\u0165 \/ Send\" class=\"wpcf7-form-control wpcf7-submit\" \/><br \/>\n<div data-sitekey=\"6LepCQ8TAAAAAHnD0Q1OI-_N_XyEQMqSVfaBXj54\" class=\"wpcf7-form-control g-recaptcha wpcf7-recaptcha\"><\/div>\n<noscript>\n\t<div style=\"width: 302px; height: 422px;\">\n\t\t<div style=\"width: 302px; height: 422px; position: relative;\">\n\t\t\t<div style=\"width: 302px; height: 422px; position: absolute;\">\n\t\t\t\t<iframe src=\"https:\/\/www.google.com\/recaptcha\/api\/fallback?k=6LepCQ8TAAAAAHnD0Q1OI-_N_XyEQMqSVfaBXj54\" frameborder=\"0\" scrolling=\"no\" style=\"width: 302px; height:422px; border-style: none;\">\n\t\t\t\t<\/iframe>\n\t\t\t<\/div>\n\t\t\t<div style=\"width: 300px; height: 60px; border-style: none; bottom: 12px; left: 25px; margin: 0px; padding: 0px; right: 25px; background: #f9f9f9; border: 1px solid #c1c1c1; border-radius: 3px;\">\n\t\t\t\t<textarea id=\"g-recaptcha-response\" name=\"g-recaptcha-response\" class=\"g-recaptcha-response\" style=\"width: 250px; height: 40px; border: 1px solid #c1c1c1; margin: 10px 25px; padding: 0px; resize: none;\">\n\t\t\t\t<\/textarea>\n\t\t\t<\/div>\n\t\t<\/div>\n\t<\/div>\n<\/noscript>\n<br \/>\n<div class=\"wpcf7-response-output wpcf7-display-none\"><\/div><\/form><\/div><\/p>","protected":false},"excerpt":{"rendered":"<p>Svadby a Kari Patr\u00f3nka underpass &#8211; Mon &#8211; Fri: 11:00 &#8211; 15:00, meals from\u00a011:15 02 2102 8883 &#8211; orders and reservations (might be unavailable during<\/p>\n","protected":false},"author":1,"featured_media":0,"parent":0,"menu_order":0,"comment_status":"closed","ping_status":"closed","template":"","meta":[],"_links":{"self":[{"href":"https:\/\/www.svadbykari.sk\/en\/wp-json\/wp\/v2\/pages\/102"}],"collection":[{"href":"https:\/\/www.svadbykari.sk\/en\/wp-json\/wp\/v2\/pages"}],"about":[{"href":"https:\/\/www.svadbykari.sk\/en\/wp-json\/wp\/v2\/types\/page"}],"author":[{"embeddable":true,"href":"https:\/\/www.svadbykari.sk\/en\/wp-json\/wp\/v2\/users\/1"}],"replies":[{"embeddable":true,"href":"https:\/\/www.svadbykari.sk\/en\/wp-json\/wp\/v2\/comments?post=102"}],"version-history":[{"count":20,"href":"https:\/\/www.svadbykari.sk\/en\/wp-json\/wp\/v2\/pages\/102\/revisions"}],"predecessor-version":[{"id":496,"href":"https:\/\/www.svadbykari.sk\/en\/wp-json\/wp\/v2\/pages\/102\/revisions\/496"}],"wp:attachment":[{"href":"https:\/\/www.svadbykari.sk\/en\/wp-json\/wp\/v2\/media?parent=102"}],"curies":[{"name":"wp","href":"https:\/\/api.w.org\/{rel}","templated":true}]}}